{"id":5,"date":"2018-09-09T12:12:32","date_gmt":"2018-09-09T10:12:32","guid":{"rendered":"https:\/\/rockheadsbrugg.wordpress.com\/?page_id=2"},"modified":"2025-08-23T18:41:58","modified_gmt":"2025-08-23T17:41:58","slug":"ueber","status":"publish","type":"page","link":"http:\/\/rockheadsbrugg.ch\/?page_id=5","title":{"rendered":"Dojo"},"content":{"rendered":"<div class=\"wp-block-image\">\n<figure class=\"aligncenter\"><img loading=\"lazy\" decoding=\"async\" width=\"1024\" height=\"486\" src=\"http:\/\/rockheadsbrugg.ch\/wp-content\/uploads\/2019\/05\/p2-1024x486.jpg\" alt=\"\" class=\"wp-image-214\" srcset=\"http:\/\/rockheadsbrugg.ch\/wp-content\/uploads\/2019\/05\/p2-1024x486.jpg 1024w, http:\/\/rockheadsbrugg.ch\/wp-content\/uploads\/2019\/05\/p2-300x142.jpg 300w, http:\/\/rockheadsbrugg.ch\/wp-content\/uploads\/2019\/05\/p2-768x364.jpg 768w, http:\/\/rockheadsbrugg.ch\/wp-content\/uploads\/2019\/05\/p2-1200x569.jpg 1200w\" sizes=\"auto, (max-width: 709px) 85vw, (max-width: 909px) 67vw, (max-width: 1362px) 62vw, 840px\" \/><\/figure>\n<\/div>\n\n<p>Das Dojo ist ein Ort der Ruhe, Konzentration und Disziplin.<\/p>\n<p>Das Verhalten im Dojo muss daher immer unseren Grunds\u00e4tzen entsprechen.<\/p>\n<p>Das Wort des Trainingsleiters \/ Trainers ist f\u00fcr jeden verbindlich. Er hat das Recht und die Pflicht, jeden zurechtzuweisen, der sich nicht der Disziplin unterordnet. Gleichzeitig ist er aber auch Vorbild in Bezug auf die Einhaltung der Dojo-Etikette.<\/p>\n<p>Im Umgang mit dem Partner ist Fairness und R\u00fccksichtsnahme das oberste Gebot. W\u00e4hrend der Arbeit auf dem Tatami sind pers\u00f6nliche Freundschaften oder Antipathien nicht relevant.<\/p>\n<p>Im Training soll das Verhalten gegen\u00fcber jedem Mittrainierendem gleich neutral, h\u00f6flich und zuvorkommend sein.<\/p>\n\n\n<figure class=\"wp-block-image\"><img loading=\"lazy\" decoding=\"async\" width=\"1024\" height=\"487\" src=\"http:\/\/rockheadsbrugg.ch\/wp-content\/uploads\/2019\/05\/p1-1024x487.jpg\" alt=\"\" class=\"wp-image-215\" srcset=\"http:\/\/rockheadsbrugg.ch\/wp-content\/uploads\/2019\/05\/p1-1024x487.jpg 1024w, http:\/\/rockheadsbrugg.ch\/wp-content\/uploads\/2019\/05\/p1-300x143.jpg 300w, http:\/\/rockheadsbrugg.ch\/wp-content\/uploads\/2019\/05\/p1-768x365.jpg 768w, http:\/\/rockheadsbrugg.ch\/wp-content\/uploads\/2019\/05\/p1-1200x570.jpg 1200w\" sizes=\"auto, (max-width: 709px) 85vw, (max-width: 909px) 67vw, (max-width: 1362px) 62vw, 840px\" \/><\/figure>\n","protected":false},"excerpt":{"rendered":"<p>Das Dojo ist ein Ort der Ruhe, Konzentration und Disziplin. Das Verhalten im Dojo muss daher immer unseren Grunds\u00e4tzen entsprechen. Das Wort des Trainingsleiters \/ Trainers ist f\u00fcr jeden verbindlich. Er hat das Recht und die Pflicht, jeden zurechtzuweisen, der sich nicht der Disziplin unterordnet. Gleichzeitig ist er aber auch Vorbild in Bezug auf die &hellip; <a href=\"http:\/\/rockheadsbrugg.ch\/?page_id=5\" class=\"more-link\"><span class=\"screen-reader-text\">\u201eDojo\u201c<\/span> weiterlesen<\/a><\/p>\n","protected":false},"author":1,"featured_media":0,"parent":0,"menu_order":1,"comment_status":"closed","ping_status":"closed","template":"","meta":{"footnotes":""},"class_list":["post-5","page","type-page","status-publish","hentry"],"_links":{"self":[{"href":"http:\/\/rockheadsbrugg.ch\/index.php?rest_route=\/wp\/v2\/pages\/5","targetHints":{"allow":["GET"]}}],"collection":[{"href":"http:\/\/rockheadsbrugg.ch\/index.php?rest_route=\/wp\/v2\/pages"}],"about":[{"href":"http:\/\/rockheadsbrugg.ch\/index.php?rest_route=\/wp\/v2\/types\/page"}],"author":[{"embeddable":true,"href":"http:\/\/rockheadsbrugg.ch\/index.php?rest_route=\/wp\/v2\/users\/1"}],"replies":[{"embeddable":true,"href":"http:\/\/rockheadsbrugg.ch\/index.php?rest_route=%2Fwp%2Fv2%2Fcomments&post=5"}],"version-history":[{"count":6,"href":"http:\/\/rockheadsbrugg.ch\/index.php?rest_route=\/wp\/v2\/pages\/5\/revisions"}],"predecessor-version":[{"id":343,"href":"http:\/\/rockheadsbrugg.ch\/index.php?rest_route=\/wp\/v2\/pages\/5\/revisions\/343"}],"wp:attachment":[{"href":"http:\/\/rockheadsbrugg.ch\/index.php?rest_route=%2Fwp%2Fv2%2Fmedia&parent=5"}],"curies":[{"name":"wp","href":"https:\/\/api.w.org\/{rel}","templated":true}]}}