{"id":38,"date":"2018-09-09T13:16:28","date_gmt":"2018-09-09T11:16:28","guid":{"rendered":"https:\/\/rockheadsbrugg.wordpress.com\/?page_id=38"},"modified":"2026-02-21T22:53:19","modified_gmt":"2026-02-21T21:53:19","slug":"ueber-uns","status":"publish","type":"page","link":"http:\/\/rockheadsbrugg.ch\/?page_id=38","title":{"rendered":"\u00fcber uns"},"content":{"rendered":"<p>Wir trainieren f\u00fcr uns und weil es Spass macht.<\/p>\n<p>Schl\u00e4ger sowie extrem gesinnte Leute sind bei uns fehl am Platz.<\/p>\n<p>Genauso sind jegliche Arten von Steroiden und Anabolika und Drogen strengstens untersagt.<\/p>\n<p>Das Ziel der Rockheads besteht darin, Techniken aus verschiedenen Kampfsportarten wie:<\/p>\n<p>Boxen, Kickboxen, Karate, Judo, Ringen und Jiu Jitsu Elemente so zu erlernen daraus ein effektives MMA Training entsteht.<\/p>\n<p>Dazu geh\u00f6rt unter anderem das Abh\u00e4rten des K\u00f6rpers wie zum Beispiel :<\/p>\n<p>Arbeiten am Makiwara, barfuss Joggen etc.<\/p>\n<p>F\u00fcr den Kraftaufbau arbeiten wir an verschiedenen Ger\u00e4ten.<\/p>\n<p>Dazu geh\u00f6ren Trainings an Kraftstationen und Sprossenwand sowie Arbeiten mit dem Eigengewicht.<\/p>\n<p>Um die Kondition zu verbessern, verwenden wir H\u00f6henmasken beim Seilspringen und Joggen, dazu benutzen wir verschiedene Cardio-Stationen.<\/p>\n<p>Trainings 19.00 bis 21.00 Uhr, jeweils Dienstags und Donnerstags.<\/p>\n","protected":false},"excerpt":{"rendered":"<p>Wir trainieren f\u00fcr uns und weil es Spass macht. Schl\u00e4ger sowie extrem gesinnte Leute sind bei uns fehl am Platz. Genauso sind jegliche Arten von Steroiden und Anabolika und Drogen strengstens untersagt. Das Ziel der Rockheads besteht darin, Techniken aus verschiedenen Kampfsportarten wie: Boxen, Kickboxen, Karate, Judo, Ringen und Jiu Jitsu Elemente so zu erlernen &hellip; <a href=\"http:\/\/rockheadsbrugg.ch\/?page_id=38\" class=\"more-link\"><span class=\"screen-reader-text\">\u201e\u00fcber uns\u201c<\/span> weiterlesen<\/a><\/p>\n","protected":false},"author":1,"featured_media":0,"parent":0,"menu_order":0,"comment_status":"closed","ping_status":"closed","template":"","meta":{"footnotes":""},"class_list":["post-38","page","type-page","status-publish","hentry"],"_links":{"self":[{"href":"http:\/\/rockheadsbrugg.ch\/index.php?rest_route=\/wp\/v2\/pages\/38","targetHints":{"allow":["GET"]}}],"collection":[{"href":"http:\/\/rockheadsbrugg.ch\/index.php?rest_route=\/wp\/v2\/pages"}],"about":[{"href":"http:\/\/rockheadsbrugg.ch\/index.php?rest_route=\/wp\/v2\/types\/page"}],"author":[{"embeddable":true,"href":"http:\/\/rockheadsbrugg.ch\/index.php?rest_route=\/wp\/v2\/users\/1"}],"replies":[{"embeddable":true,"href":"http:\/\/rockheadsbrugg.ch\/index.php?rest_route=%2Fwp%2Fv2%2Fcomments&post=38"}],"version-history":[{"count":9,"href":"http:\/\/rockheadsbrugg.ch\/index.php?rest_route=\/wp\/v2\/pages\/38\/revisions"}],"predecessor-version":[{"id":384,"href":"http:\/\/rockheadsbrugg.ch\/index.php?rest_route=\/wp\/v2\/pages\/38\/revisions\/384"}],"wp:attachment":[{"href":"http:\/\/rockheadsbrugg.ch\/index.php?rest_route=%2Fwp%2Fv2%2Fmedia&parent=38"}],"curies":[{"name":"wp","href":"https:\/\/api.w.org\/{rel}","templated":true}]}}